{"id":48,"date":"2016-11-10T21:39:23","date_gmt":"2016-11-10T21:39:23","guid":{"rendered":"http:\/\/guatecarros.net\/sitio\/?page_id=48"},"modified":"2017-01-06T22:45:08","modified_gmt":"2017-01-06T22:45:08","slug":"lugares-turisticos","status":"publish","type":"page","link":"https:\/\/guatecarros.net\/sitio\/quienes-somos\/lugares-turisticos\/","title":{"rendered":"Lugares Tur\u00edsticos"},"content":{"rendered":"<p>[et_pb_section admin_label=&#8221;section&#8221; transparent_background=&#8221;off&#8221; allow_player_pause=&#8221;off&#8221; inner_shadow=&#8221;off&#8221; parallax=&#8221;off&#8221; parallax_method=&#8221;on&#8221; padding_mobile=&#8221;off&#8221; make_fullwidth=&#8221;off&#8221; use_custom_width=&#8221;off&#8221; width_unit=&#8221;off&#8221; custom_width_px=&#8221;1080px&#8221; custom_width_percent=&#8221;80%&#8221; make_equal=&#8221;off&#8221; use_custom_gutter=&#8221;off&#8221; fullwidth=&#8221;on&#8221; specialty=&#8221;off&#8221;][et_pb_fullwidth_slider admin_label=&#8221;Fullwidth Slider&#8221; show_arrows=&#8221;on&#8221; show_pagination=&#8221;on&#8221; auto=&#8221;off&#8221; auto_speed=&#8221;7000&#8243; auto_ignore_hover=&#8221;off&#8221; parallax=&#8221;off&#8221; parallax_method=&#8221;off&#8221; remove_inner_shadow=&#8221;off&#8221; background_position=&#8221;default&#8221; background_size=&#8221;default&#8221; hide_content_on_mobile=&#8221;off&#8221; hide_cta_on_mobile=&#8221;off&#8221; show_image_video_mobile=&#8221;off&#8221; header_font_size=&#8221;50px&#8221; header_line_height=&#8221;2.2em&#8221; custom_button=&#8221;off&#8221; button_letter_spacing=&#8221;0&#8243; button_use_icon=&#8221;default&#8221; button_icon_placement=&#8221;right&#8221; button_on_hover=&#8221;on&#8221; button_letter_spacing_hover=&#8221;0&#8243;] [et_pb_slide heading=&#8221;Lugares Tur\u00edsticos&#8221; button_link=&#8221;#&#8221; background_image=&#8221;https:\/\/guatecarros.net\/sitio\/sitio\/wp-content\/uploads\/2016\/11\/AS6_1683-77.jpg&#8221; background_position=&#8221;default&#8221; background_size=&#8221;default&#8221; background_color=&#8221;#ffffff&#8221; use_bg_overlay=&#8221;on&#8221; alignment=&#8221;center&#8221; background_layout=&#8221;dark&#8221; allow_player_pause=&#8221;off&#8221; body_letter_spacing=&#8221;0px&#8221; header_line_height=&#8221;3.2em&#8221; header_font=&#8221;|on|||&#8221; header_font_size=&#8221;50px&#8221;]<\/p>\n<p>Los lugares turisticos m\u00e1s atractivos de Guatemala son:<\/p>\n<p>[\/et_pb_slide][et_pb_slide heading=&#8221;Parque Arqueol\u00f3gico Tikal&#8221; button_link=&#8221;#&#8221; background_position=&#8221;default&#8221; background_size=&#8221;default&#8221; background_color=&#8221;#ffffff&#8221; use_bg_overlay=&#8221;on&#8221; alignment=&#8221;center&#8221; background_layout=&#8221;dark&#8221; allow_player_pause=&#8221;off&#8221; header_font=&#8221;|on|||&#8221; header_line_height=&#8221;2.7em&#8221; background_image=&#8221;http:\/\/www.bibliotecapleyades.net\/imagenes_arqueo\/tikal_06.jpg&#8221; use_text_overlay=&#8221;off&#8221; text_border_radius=&#8221;3&#8243; header_font_select=&#8221;default&#8221; header_line_height_tablet=&#8221;2.7em&#8221; header_line_height_phone=&#8221;2.7em&#8221; body_font_select=&#8221;default&#8221; body_font=&#8221;||||&#8221; custom_button=&#8221;off&#8221; button_font_select=&#8221;default&#8221; button_font=&#8221;||||&#8221; button_use_icon=&#8221;default&#8221; button_icon_placement=&#8221;right&#8221; button_on_hover=&#8221;on&#8221;]<\/p>\n<p style=\"text-align: justify;\">Cuna de la cultura Maya. Aqu\u00ed se encuentran los majestuosos templos, pir\u00e1mides mayas que construyeran en el pasado. El lugar se encuentra rodeado por una selva impresionante. Se ubica en el departamento de Pet\u00e9n.<\/p>\n<p>[\/et_pb_slide][et_pb_slide heading=&#8221;La Antigua Guatemala&#8221; button_link=&#8221;#&#8221; background_position=&#8221;default&#8221; background_size=&#8221;default&#8221; background_color=&#8221;#ffffff&#8221; use_bg_overlay=&#8221;on&#8221; alignment=&#8221;center&#8221; background_layout=&#8221;dark&#8221; allow_player_pause=&#8221;off&#8221; header_line_height=&#8221;3.2em&#8221; header_font=&#8221;|on|||&#8221; background_image=&#8221;http:\/\/mustseeplaces.eu\/wp-content\/uploads\/2016\/03\/antigua-guatemala.jpg&#8221; use_text_overlay=&#8221;off&#8221; text_border_radius=&#8221;3&#8243; header_font_select=&#8221;default&#8221; header_line_height_tablet=&#8221;3.2em&#8221; header_line_height_phone=&#8221;3.2em&#8221; body_font_select=&#8221;default&#8221; body_font=&#8221;||||&#8221; custom_button=&#8221;off&#8221; button_font_select=&#8221;default&#8221; button_font=&#8221;||||&#8221; button_use_icon=&#8221;default&#8221; button_icon_placement=&#8221;right&#8221; button_on_hover=&#8221;on&#8221;]<\/p>\n<p style=\"text-align: justify;\">Como su nombre lo indica, es precisamente La Antigua Guatemala, el lugar donde estuvo la capital del reino en los tiempos de la colonia espa\u00f1ola. Su belleza es impactante, como si el tiempo se hubiera detenido, conservando los detalles arquitect\u00f3nicos de la \u00e9poca.<\/p>\n<p>[\/et_pb_slide][et_pb_slide heading=&#8221;Chichicastenango&#8221; button_link=&#8221;#&#8221; background_position=&#8221;default&#8221; background_size=&#8221;default&#8221; background_color=&#8221;#ffffff&#8221; use_bg_overlay=&#8221;on&#8221; alignment=&#8221;center&#8221; background_layout=&#8221;dark&#8221; allow_player_pause=&#8221;off&#8221; header_font=&#8221;|on|||&#8221; background_image=&#8221;http:\/\/www.kathmanduandbeyond.com\/wp-content\/uploads\/2016\/02\/Iglesia-de-Santo-Tomas-Chichicastenango-Guatemala.jpg&#8221; use_text_overlay=&#8221;off&#8221; text_border_radius=&#8221;3&#8243; header_font_select=&#8221;default&#8221; body_font_select=&#8221;default&#8221; body_font=&#8221;||||&#8221; custom_button=&#8221;off&#8221; button_font_select=&#8221;default&#8221; button_font=&#8221;||||&#8221; button_use_icon=&#8221;default&#8221; button_icon_placement=&#8221;right&#8221; button_on_hover=&#8221;on&#8221;]<\/p>\n<p style=\"text-align: justify;\">En el departamento de Quich\u00e9, se puede encontrar un mercado de artesan\u00edas rico en variedad, igualmente, el Cerro Pascual Abaj, donde se puede observar rituales antiguos de tradiciones ancestrales.<\/p>\n<p>[\/et_pb_slide][et_pb_slide heading=&#8221;Lago de Atitl\u00e1n&#8221; button_link=&#8221;#&#8221; background_position=&#8221;default&#8221; background_size=&#8221;default&#8221; background_color=&#8221;#ffffff&#8221; use_bg_overlay=&#8221;on&#8221; alignment=&#8221;center&#8221; background_layout=&#8221;dark&#8221; allow_player_pause=&#8221;off&#8221; header_font=&#8221;|on|||&#8221; header_line_height=&#8221;3.7em&#8221; background_image=&#8221;http:\/\/blog.oveedia.com\/wp-content\/uploads\/2016\/02\/guatemalalagodeatitlan.jpg&#8221; use_text_overlay=&#8221;off&#8221; text_border_radius=&#8221;3&#8243; header_font_select=&#8221;default&#8221; header_line_height_tablet=&#8221;3.7em&#8221; header_line_height_phone=&#8221;3.7em&#8221; body_font_select=&#8221;default&#8221; body_font=&#8221;||||&#8221; custom_button=&#8221;off&#8221; button_font_select=&#8221;default&#8221; button_font=&#8221;||||&#8221; button_use_icon=&#8221;default&#8221; button_icon_placement=&#8221;right&#8221; button_on_hover=&#8221;on&#8221;]<\/p>\n<p style=\"text-align: justify;\">El Lago de Atitl\u00e1n es reconocido por una inmensidad de viajeros como el m\u00e1s bello del mundo. Ubicado en el departamento de Solol\u00e1, ofrece una vista y ambiente espectaculares, rodeado de tres majestuosos volcanes.<\/p>\n<p>[\/et_pb_slide][et_pb_slide heading=&#8221;Volc\u00e1n de Agua&#8221; button_link=&#8221;#&#8221; background_position=&#8221;default&#8221; background_size=&#8221;default&#8221; background_color=&#8221;#ffffff&#8221; use_bg_overlay=&#8221;on&#8221; alignment=&#8221;center&#8221; background_layout=&#8221;dark&#8221; allow_player_pause=&#8221;off&#8221; header_font=&#8221;|on|||&#8221; header_line_height=&#8221;3.2em&#8221; background_image=&#8221;https:\/\/c1.staticflickr.com\/3\/2842\/11458736624_81fee1087c_b.jpg&#8221; use_text_overlay=&#8221;off&#8221; text_border_radius=&#8221;3&#8243; header_font_select=&#8221;default&#8221; header_line_height_tablet=&#8221;3.2em&#8221; header_line_height_phone=&#8221;3.2em&#8221; body_font_select=&#8221;default&#8221; body_font=&#8221;||||&#8221; custom_button=&#8221;off&#8221; button_font_select=&#8221;default&#8221; button_font=&#8221;||||&#8221; button_use_icon=&#8221;default&#8221; button_icon_placement=&#8221;right&#8221; button_on_hover=&#8221;on&#8221;]<\/p>\n<p>Ubicado en las cercan\u00edas de La Antigua Guatemala, ofrece la oportunidad de ascender hasta los 3,722 metros sobre el nivel del mara para ver la ciudad y la l\u00ednea costera. Su forma casi perfecta lo convierten en un \u00edcono geogr\u00e1fico de Guatemala<\/p>\n<p>[\/et_pb_slide][et_pb_slide heading=&#8221;Sierra de los Cuchumatanes&#8221; button_link=&#8221;#&#8221; background_position=&#8221;default&#8221; background_size=&#8221;default&#8221; background_color=&#8221;#ffffff&#8221; use_bg_overlay=&#8221;on&#8221; alignment=&#8221;center&#8221; background_layout=&#8221;dark&#8221; allow_player_pause=&#8221;off&#8221; header_font=&#8221;|on|||&#8221; header_line_height=&#8221;3.2em&#8221; background_image=&#8221;http:\/\/2.bp.blogspot.com\/-TyIlz1XkCWc\/VFuuuxno-tI\/AAAAAAAAADs\/0OOCPmuVmAA\/s1600\/37273b526cb080ba183934f1d6027980.jpg&#8221; use_text_overlay=&#8221;off&#8221; text_border_radius=&#8221;3&#8243; header_font_select=&#8221;default&#8221; header_line_height_tablet=&#8221;3.2em&#8221; header_line_height_phone=&#8221;3.2em&#8221; body_font_select=&#8221;default&#8221; body_font=&#8221;||||&#8221; custom_button=&#8221;off&#8221; button_font_select=&#8221;default&#8221; button_font=&#8221;||||&#8221; button_use_icon=&#8221;default&#8221; button_icon_placement=&#8221;right&#8221; button_on_hover=&#8221;on&#8221;]<\/p>\n<p style=\"text-align: justify;\">Es el punto m\u00e1s alto de Guatemala que no es un volc\u00e1n. La naturaleza y ambiente que se disfruta en el lugar es impresionante y ofrece una vista incomparable de la cima de una gran cantidad de volcanes. Los paisajes del lugar no se comparan con ninguna regi\u00f3n de Guatemala. Se ubica en el departamento dee Huehuetenango.<\/p>\n<p>[\/et_pb_slide][et_pb_slide heading=&#8221;Castillo de San Felipe de Lara&#8221; button_link=&#8221;#&#8221; background_position=&#8221;default&#8221; background_size=&#8221;default&#8221; background_color=&#8221;#ffffff&#8221; use_bg_overlay=&#8221;on&#8221; alignment=&#8221;center&#8221; background_layout=&#8221;dark&#8221; allow_player_pause=&#8221;off&#8221; header_font=&#8221;|on|||&#8221; header_line_height=&#8221;3.2em&#8221; background_image=&#8221;https:\/\/c1.staticflickr.com\/9\/8204\/8265639051_50111e332b_b.jpg&#8221; use_text_overlay=&#8221;off&#8221; text_border_radius=&#8221;3&#8243; header_font_select=&#8221;default&#8221; header_line_height_tablet=&#8221;3.2em&#8221; header_line_height_phone=&#8221;3.2em&#8221; body_font_select=&#8221;default&#8221; body_font=&#8221;||||&#8221; custom_button=&#8221;off&#8221; button_font_select=&#8221;default&#8221; button_font=&#8221;||||&#8221; button_use_icon=&#8221;default&#8221; button_icon_placement=&#8221;right&#8221; button_on_hover=&#8221;on&#8221;]<\/p>\n<p style=\"text-align: justify;\">Ubicado en R\u00edo Dulce, departamento de Izabal, es una estructura militar antigua, hist\u00f3rica. Se conserva en excelente estado y era un puesto de vigilancia mar\u00edtima.<\/p>\n<p>[\/et_pb_slide][et_pb_slide heading=&#8221;Semuc Champey&#8221; button_link=&#8221;#&#8221; background_position=&#8221;default&#8221; background_size=&#8221;default&#8221; background_color=&#8221;#ffffff&#8221; use_bg_overlay=&#8221;on&#8221; alignment=&#8221;center&#8221; background_layout=&#8221;dark&#8221; allow_player_pause=&#8221;off&#8221; header_font=&#8221;|on|||&#8221; header_line_height=&#8221;3.2em&#8221; background_image=&#8221;http:\/\/zephyrlodgelanquin.com\/wp-content\/uploads\/2015\/08\/Semuc-Champey-tour-zephyr-1.jpg&#8221; use_text_overlay=&#8221;off&#8221; text_border_radius=&#8221;3&#8243; header_font_select=&#8221;default&#8221; header_line_height_tablet=&#8221;3.2em&#8221; header_line_height_phone=&#8221;3.2em&#8221; body_font_select=&#8221;default&#8221; body_font=&#8221;||||&#8221; custom_button=&#8221;off&#8221; button_font_select=&#8221;default&#8221; button_font=&#8221;||||&#8221; button_use_icon=&#8221;default&#8221; button_icon_placement=&#8221;right&#8221; button_on_hover=&#8221;on&#8221;]<\/p>\n<p style=\"text-align: justify;\">En Alta Verapaz, este lugar encierra una belleza natural sorprendente. Un r\u00edo que se esconde entre la roca y deja a su paso una serie de pozas cristalinas y pac\u00edficas donde nadar y refrescarse es un privilegio.<\/p>\n<p>[\/et_pb_slide][et_pb_slide heading=&#8221;Playa Blanca en Izabal&#8221; button_link=&#8221;#&#8221; background_position=&#8221;default&#8221; background_size=&#8221;default&#8221; background_color=&#8221;#ffffff&#8221; use_bg_overlay=&#8221;on&#8221; alignment=&#8221;center&#8221; background_layout=&#8221;dark&#8221; allow_player_pause=&#8221;off&#8221; header_font=&#8221;|on|||&#8221; header_line_height=&#8221;3.2em&#8221; background_image=&#8221;http:\/\/mint57.com\/wp-content\/uploads\/2016\/05\/guatemala-playa-blanca.jpg&#8221; use_text_overlay=&#8221;off&#8221; text_border_radius=&#8221;3&#8243; header_font_select=&#8221;default&#8221; header_line_height_tablet=&#8221;3.2em&#8221; header_line_height_phone=&#8221;3.2em&#8221; body_font_select=&#8221;default&#8221; body_font=&#8221;||||&#8221; custom_button=&#8221;off&#8221; button_font_select=&#8221;default&#8221; button_font=&#8221;||||&#8221; button_use_icon=&#8221;default&#8221; button_icon_placement=&#8221;right&#8221; button_on_hover=&#8221;on&#8221;]<\/p>\n<p style=\"text-align: justify;\">Un verdadero para\u00edso. Es una playa tranquila con arena blanca que se encuentra en el departamento de Izabal, a pocos minutos en lancha desde R\u00edo Dulce.<\/p>\n<p>[\/et_pb_slide][et_pb_slide heading=&#8221;Volc\u00e1n de Pacaya&#8221; button_link=&#8221;#&#8221; background_position=&#8221;default&#8221; background_size=&#8221;default&#8221; background_color=&#8221;#ffffff&#8221; use_bg_overlay=&#8221;on&#8221; alignment=&#8221;center&#8221; background_layout=&#8221;dark&#8221; allow_player_pause=&#8221;off&#8221; header_font=&#8221;|on|||&#8221; header_line_height=&#8221;3.2em&#8221; background_image=&#8221;https:\/\/s-media-cache-ak0.pinimg.com\/originals\/0d\/6a\/a1\/0d6aa1e1388b11fceaa007bede3d8849.jpg&#8221; use_text_overlay=&#8221;off&#8221; text_border_radius=&#8221;3&#8243; header_font_select=&#8221;default&#8221; header_line_height_tablet=&#8221;3.2em&#8221; header_line_height_phone=&#8221;3.2em&#8221; body_font_select=&#8221;default&#8221; body_font=&#8221;||||&#8221; custom_button=&#8221;off&#8221; button_font_select=&#8221;default&#8221; button_font=&#8221;||||&#8221; button_use_icon=&#8221;default&#8221; button_icon_placement=&#8221;right&#8221; button_on_hover=&#8221;on&#8221;]<\/p>\n<p style=\"text-align: justify;\">En las cercan\u00edas de la Ciudad Capital, este volc\u00e1n permite, con un ascenso de baja dificultad, disfrutar del espect\u00e1culo de fumarolas y a veces hasta r\u00edos de lava.<\/p>\n<p>[\/et_pb_slide][et_pb_slide heading=&#8221;Laguna de Lachu\u00e1&#8221; button_link=&#8221;#&#8221; background_position=&#8221;default&#8221; background_size=&#8221;default&#8221; background_color=&#8221;#ffffff&#8221; use_bg_overlay=&#8221;on&#8221; alignment=&#8221;center&#8221; background_layout=&#8221;dark&#8221; allow_player_pause=&#8221;off&#8221; header_font=&#8221;|on|||&#8221; header_line_height=&#8221;3.2em&#8221; background_image=&#8221;https:\/\/c1.staticflickr.com\/5\/4116\/4762348313_4271bbbc83_b.jpg&#8221; use_text_overlay=&#8221;off&#8221; text_border_radius=&#8221;3&#8243; header_font_select=&#8221;default&#8221; header_line_height_tablet=&#8221;3.2em&#8221; header_line_height_phone=&#8221;3.2em&#8221; body_font_select=&#8221;default&#8221; body_font=&#8221;||||&#8221; custom_button=&#8221;off&#8221; button_font_select=&#8221;default&#8221; button_font=&#8221;||||&#8221; button_use_icon=&#8221;default&#8221; button_icon_placement=&#8221;right&#8221; button_on_hover=&#8221;on&#8221;]<\/p>\n<p style=\"text-align: justify;\">Ubicada al norte de Alta Verapaz, su belleza natural le ha ganado el nombre de &#8220;Espejo del Cielo&#8221;. Un verdadero santuario natural que se conserva con su paz caracter\u00edstica.<\/p>\n<p>[\/et_pb_slide] [\/et_pb_fullwidth_slider][\/et_pb_section]<\/p>\n","protected":false},"excerpt":{"rendered":"<p>Los lugares turisticos m\u00e1s atractivos de Guatemala son: Cuna de la cultura Maya. Aqu\u00ed se encuentran los majestuosos templos, pir\u00e1mides mayas que construyeran en el pasado. El lugar se encuentra rodeado por una selva impresionante. Se ubica en el departamento de Pet\u00e9n. Como su nombre lo indica, es precisamente La Antigua Guatemala, el lugar donde [&hellip;]<\/p>\n","protected":false},"author":2,"featured_media":0,"parent":41,"menu_order":0,"comment_status":"closed","ping_status":"closed","template":"","meta":{"_et_pb_use_builder":"on","_et_pb_old_content":"","_et_gb_content_width":"","footnotes":""},"class_list":["post-48","page","type-page","status-publish","hentry"],"_links":{"self":[{"href":"https:\/\/guatecarros.net\/sitio\/wp-json\/wp\/v2\/pages\/48","targetHints":{"allow":["GET"]}}],"collection":[{"href":"https:\/\/guatecarros.net\/sitio\/wp-json\/wp\/v2\/pages"}],"about":[{"href":"https:\/\/guatecarros.net\/sitio\/wp-json\/wp\/v2\/types\/page"}],"author":[{"embeddable":true,"href":"https:\/\/guatecarros.net\/sitio\/wp-json\/wp\/v2\/users\/2"}],"replies":[{"embeddable":true,"href":"https:\/\/guatecarros.net\/sitio\/wp-json\/wp\/v2\/comments?post=48"}],"version-history":[{"count":5,"href":"https:\/\/guatecarros.net\/sitio\/wp-json\/wp\/v2\/pages\/48\/revisions"}],"predecessor-version":[{"id":171,"href":"https:\/\/guatecarros.net\/sitio\/wp-json\/wp\/v2\/pages\/48\/revisions\/171"}],"up":[{"embeddable":true,"href":"https:\/\/guatecarros.net\/sitio\/wp-json\/wp\/v2\/pages\/41"}],"wp:attachment":[{"href":"https:\/\/guatecarros.net\/sitio\/wp-json\/wp\/v2\/media?parent=48"}],"curies":[{"name":"wp","href":"https:\/\/api.w.org\/{rel}","templated":true}]}}