{"id":46,"date":"2016-11-10T21:39:02","date_gmt":"2016-11-10T21:39:02","guid":{"rendered":"http:\/\/guatecarros.net\/sitio\/?page_id=46"},"modified":"2023-11-22T14:43:03","modified_gmt":"2023-11-22T20:43:03","slug":"distancia-y-tiempos","status":"publish","type":"page","link":"https:\/\/guatecarros.net\/sitio\/quienes-somos\/distancia-y-tiempos\/","title":{"rendered":"Distancia y tiempos"},"content":{"rendered":"<p>[et_pb_section fb_built=&#8221;1&#8243; fullwidth=&#8221;on&#8221; _builder_version=&#8221;4.16&#8243; _module_preset=&#8221;default&#8221; global_colors_info=&#8221;{}&#8221;][et_pb_fullwidth_slider _builder_version=&#8221;4.23.1&#8243; _module_preset=&#8221;default&#8221; background_image=&#8221;https:\/\/guatecarros.net\/sitio\/wp-content\/uploads\/2021\/12\/2560px-Santa_Catalina_Arch_-_Antigua_Guatemala_Feb_2020.jpg&#8221; link_option_url=&#8221;https:\/\/artsandculture.google.com\/entity\/antigua-guatemala\/m0146xw?hl=es&#8221; link_option_url_new_window=&#8221;on&#8221; hover_enabled=&#8221;0&#8243; global_colors_info=&#8221;{}&#8221; sticky_enabled=&#8221;0&#8243;][et_pb_slide heading=&#8221;Antigua Guatemala&#8221; button_text=&#8221;Click Here&#8221; use_bg_overlay=&#8221;on&#8221; _builder_version=&#8221;4.23.1&#8243; _module_preset=&#8221;default&#8221; hover_enabled=&#8221;0&#8243; global_colors_info=&#8221;{}&#8221; sticky_transition=&#8221;on&#8221; title_text=&#8221;antigua guatemala&#8221; image=&#8221;https:\/\/guatecarros.net\/sitio\/wp-content\/uploads\/2023\/11\/antigua-guatemala.jpeg&#8221; background_color=&#8221;#409c46&#8243; background_enable_color=&#8221;on&#8221; use_background_color_gradient=&#8221;on&#8221; background_color_gradient_stops=&#8221;#409c46 0%|#29c4a9 100%&#8221; sticky_enabled=&#8221;0&#8243;]<\/p>\n<p>Como su nombre lo indica, este fue el lugar donde estuvo la capital de Guatemala en el tiempo de la colonia espa\u00f1ola. Actualmente su belleza es impactante, pareciera que el tiempo se detuvo, se conservan sus detalles arquitectonicos de la epoca rodeado de los majestuosos volcanes.<\/p>\n<p>[\/et_pb_slide][et_pb_slide heading=&#8221;Tikal Peten&#8221; button_text=&#8221;Click Here&#8221; button_link=&#8221;https:\/\/www.guatevalley.com\/que-visitar\/parque-nacional-tikal-peten&#8221; use_bg_overlay=&#8221;on&#8221; _builder_version=&#8221;4.23.1&#8243; _module_preset=&#8221;default&#8221; background_image=&#8221;https:\/\/guatecarros.net\/sitio\/wp-content\/uploads\/2021\/12\/Tikal-Peten.png&#8221; background_enable_image=&#8221;on&#8221; hover_enabled=&#8221;0&#8243; global_colors_info=&#8221;{}&#8221; sticky_transition=&#8221;on&#8221; title_text=&#8221;tikal&#8221; image=&#8221;https:\/\/guatecarros.net\/sitio\/wp-content\/uploads\/2023\/11\/tikal.jpeg&#8221; use_background_color_gradient=&#8221;on&#8221; background_color_gradient_stops=&#8221;#409c46 0%|#29c4a9 100%&#8221; sticky_enabled=&#8221;0&#8243;]<\/p>\n<p>Aqu\u00ed se encuentran los majestuosos templos, pir\u00e1mides mayas que fueron la base de la cultura Maya. Un hermoso parque rodeado por una selva con diversa biodiversidad, hermosos animales y paisajes. Este se encuentra en el Departamento de Pet\u00e9n.<\/p>\n<p>[\/et_pb_slide][et_pb_slide heading=&#8221;Lago de Atitl\u00e1n&#8221; button_text=&#8221;Click Here&#8221; button_link=&#8221;https:\/\/www.tripadvisor.es\/Attraction_Review-g292007-d306961-Reviews-Lago_de_Atitlan-Lake_Atitlan_Solola_Department_Western_Highlands.html&#8221; _builder_version=&#8221;4.23.1&#8243; _module_preset=&#8221;default&#8221; background_image=&#8221;https:\/\/guatecarros.net\/sitio\/wp-content\/uploads\/2021\/12\/Lake_Atitlan__Volcanoes_from_the_East_6996008535.jpg&#8221; background_enable_image=&#8221;on&#8221; hover_enabled=&#8221;0&#8243; global_colors_info=&#8221;{}&#8221; sticky_transition=&#8221;on&#8221; use_background_color_gradient=&#8221;on&#8221; background_color_gradient_stops=&#8221;#409c46 0%|#29c4a9 100%&#8221; title_text=&#8221;atitlan&#8221; image=&#8221;https:\/\/guatecarros.net\/sitio\/wp-content\/uploads\/2023\/11\/atitlan-scaled.jpeg&#8221; sticky_enabled=&#8221;0&#8243;]<\/p>\n<p>Este es reconocido por una inmensidad de viajeros como el lago m\u00e1s bello del mundo. Esta ubicado en el departamento de Solol\u00e1, ofrece una vista y ambientes espectaculares, rodeado de majestuosos volcanes.<\/p>\n<p>[\/et_pb_slide][et_pb_slide heading=&#8221;Rio Dulce&#8221; button_text=&#8221;Click Here&#8221; use_bg_overlay=&#8221;on&#8221; _builder_version=&#8221;4.23.1&#8243; _module_preset=&#8221;default&#8221; background_image=&#8221;https:\/\/guatecarros.net\/sitio\/wp-content\/uploads\/2021\/12\/DJI_0286-RAW-scaled.jpg&#8221; background_enable_image=&#8221;on&#8221; hover_enabled=&#8221;0&#8243; global_colors_info=&#8221;{}&#8221; sticky_transition=&#8221;on&#8221; title_text=&#8221;rio dulce&#8221; image=&#8221;https:\/\/guatecarros.net\/sitio\/wp-content\/uploads\/2023\/11\/rio-dulce.jpeg&#8221; use_background_color_gradient=&#8221;on&#8221; background_color_gradient_stops=&#8221;#409c46 1%|#29c4a9 100%&#8221; sticky_enabled=&#8221;0&#8243;]<\/p>\n<p>En este bello rio se encuentra el Castillo de San Felipe de Lara, una estructura militar antigua, hist\u00f3rica que se conserva en excelente estado. En su tiempo era un puesto de vigilancia mar\u00edtima, actualmente es una atracci\u00f3n interesante y divertida para ni\u00f1os y adultos.<\/p>\n<p>[\/et_pb_slide][et_pb_slide heading=&#8221;Semuc Champey&#8221; button_text=&#8221;Click Here&#8221; use_bg_overlay=&#8221;on&#8221; _builder_version=&#8221;4.23.1&#8243; _module_preset=&#8221;default&#8221; background_image=&#8221;https:\/\/guatecarros.net\/sitio\/wp-content\/uploads\/2021\/12\/dji_0003.jpg&#8221; background_enable_image=&#8221;on&#8221; hover_enabled=&#8221;0&#8243; global_colors_info=&#8221;{}&#8221; sticky_transition=&#8221;on&#8221; title_text=&#8221;semuc champey&#8221; image=&#8221;https:\/\/guatecarros.net\/sitio\/wp-content\/uploads\/2023\/11\/semuc-champey.png&#8221; use_background_color_gradient=&#8221;on&#8221; background_color_gradient_stops=&#8221;#409c46 0%|#29c4a9 100%&#8221; sticky_enabled=&#8221;0&#8243;]<\/p>\n<p>Ubicado en alta verapaz, este lugar encierra una belleza natural sorprendente. Un rio que se esconde entre las rocas y qeu deja a su paso una serie de pozas cristalinas y pacificas donde nadar y refrescarse es un privilegio.<\/p>\n<p>[\/et_pb_slide][\/et_pb_fullwidth_slider][\/et_pb_section][et_pb_section fb_built=&#8221;1&#8243; _builder_version=&#8221;4.16&#8243; _module_preset=&#8221;default&#8221; global_colors_info=&#8221;{}&#8221;][et_pb_row _builder_version=&#8221;4.16&#8243; _module_preset=&#8221;default&#8221; global_colors_info=&#8221;{}&#8221;][et_pb_column type=&#8221;4_4&#8243; _builder_version=&#8221;4.16&#8243; _module_preset=&#8221;default&#8221; global_colors_info=&#8221;{}&#8221;][et_pb_image src=&#8221;https:\/\/guatecarros.net\/sitio\/wp-content\/uploads\/2021\/12\/Distancias-Guatecarros.png&#8221; title_text=&#8221;Distancias Guatecarros&#8221; _builder_version=&#8221;4.16&#8243; _module_preset=&#8221;default&#8221; global_colors_info=&#8221;{}&#8221;][\/et_pb_image][\/et_pb_column][\/et_pb_row][\/et_pb_section]<\/p>\n","protected":false},"excerpt":{"rendered":"<p>Como su nombre lo indica, este fue el lugar donde estuvo la capital de Guatemala en el tiempo de la colonia espa\u00f1ola. Actualmente su belleza es impactante, pareciera que el tiempo se detuvo, se conservan sus detalles arquitectonicos de la epoca rodeado de los majestuosos volcanes.Aqu\u00ed se encuentran los majestuosos templos, pir\u00e1mides mayas que fueron [&hellip;]<\/p>\n","protected":false},"author":2,"featured_media":0,"parent":41,"menu_order":0,"comment_status":"closed","ping_status":"closed","template":"","meta":{"_et_pb_use_builder":"on","_et_pb_old_content":"","_et_gb_content_width":"","footnotes":""},"class_list":["post-46","page","type-page","status-publish","hentry"],"_links":{"self":[{"href":"https:\/\/guatecarros.net\/sitio\/wp-json\/wp\/v2\/pages\/46","targetHints":{"allow":["GET"]}}],"collection":[{"href":"https:\/\/guatecarros.net\/sitio\/wp-json\/wp\/v2\/pages"}],"about":[{"href":"https:\/\/guatecarros.net\/sitio\/wp-json\/wp\/v2\/types\/page"}],"author":[{"embeddable":true,"href":"https:\/\/guatecarros.net\/sitio\/wp-json\/wp\/v2\/users\/2"}],"replies":[{"embeddable":true,"href":"https:\/\/guatecarros.net\/sitio\/wp-json\/wp\/v2\/comments?post=46"}],"version-history":[{"count":9,"href":"https:\/\/guatecarros.net\/sitio\/wp-json\/wp\/v2\/pages\/46\/revisions"}],"predecessor-version":[{"id":478,"href":"https:\/\/guatecarros.net\/sitio\/wp-json\/wp\/v2\/pages\/46\/revisions\/478"}],"up":[{"embeddable":true,"href":"https:\/\/guatecarros.net\/sitio\/wp-json\/wp\/v2\/pages\/41"}],"wp:attachment":[{"href":"https:\/\/guatecarros.net\/sitio\/wp-json\/wp\/v2\/media?parent=46"}],"curies":[{"name":"wp","href":"https:\/\/api.w.org\/{rel}","templated":true}]}}